{"id":110,"date":"2017-12-01T11:12:34","date_gmt":"2017-12-01T11:12:34","guid":{"rendered":"http:\/\/ssmkrosno.pl\/?page_id=110"},"modified":"2018-09-03T19:04:46","modified_gmt":"2018-09-03T19:04:46","slug":"fortepian","status":"publish","type":"page","link":"http:\/\/ssmkrosno.pl\/?page_id=110","title":{"rendered":"Fortepian"},"content":{"rendered":"<p>Gierlicka El\u017cbieta<\/p>\n<p>Janas Maciej \u2013 <strong>akompaniator<\/strong><\/p>\n<p>Litarowicz Krystyna<\/p>\n<p>Madera Iwona<\/p>\n<p>Podraza &#8211; Skalska Barbara<\/p>\n<p>Sieczkowska-Surmacz Lidia<\/p>\n<p>Skibicka Dorota<\/p>\n<p>Wa\u0144dyga Justyna<\/p>\n<p>Warcho\u0142 Henryka<\/p>\n<p>Zaj\u0105c Ma\u0142gorzata<\/p>\n","protected":false},"excerpt":{"rendered":"<p>Gierlicka El\u017cbieta Janas Maciej \u2013 akompaniator Litarowicz Krystyna Madera Iwona Podraza &#8211; Skalska Barbara Sieczkowska-Surmacz Lidia Skibicka Dorota Wa\u0144dyga Justyna Warcho\u0142 Henryka Zaj\u0105c Ma\u0142gorzata<\/p>\n","protected":false},"author":2,"featured_media":0,"parent":0,"menu_order":0,"comment_status":"closed","ping_status":"closed","template":"","meta":{"footnotes":""},"class_list":["post-110","page","type-page","status-publish","hentry"],"_links":{"self":[{"href":"http:\/\/ssmkrosno.pl\/index.php?rest_route=\/wp\/v2\/pages\/110","targetHints":{"allow":["GET"]}}],"collection":[{"href":"http:\/\/ssmkrosno.pl\/index.php?rest_route=\/wp\/v2\/pages"}],"about":[{"href":"http:\/\/ssmkrosno.pl\/index.php?rest_route=\/wp\/v2\/types\/page"}],"author":[{"embeddable":true,"href":"http:\/\/ssmkrosno.pl\/index.php?rest_route=\/wp\/v2\/users\/2"}],"replies":[{"embeddable":true,"href":"http:\/\/ssmkrosno.pl\/index.php?rest_route=%2Fwp%2Fv2%2Fcomments&post=110"}],"version-history":[{"count":3,"href":"http:\/\/ssmkrosno.pl\/index.php?rest_route=\/wp\/v2\/pages\/110\/revisions"}],"predecessor-version":[{"id":202,"href":"http:\/\/ssmkrosno.pl\/index.php?rest_route=\/wp\/v2\/pages\/110\/revisions\/202"}],"wp:attachment":[{"href":"http:\/\/ssmkrosno.pl\/index.php?rest_route=%2Fwp%2Fv2%2Fmedia&parent=110"}],"curies":[{"name":"wp","href":"https:\/\/api.w.org\/{rel}","templated":true}]}}