{"id":127,"date":"2017-12-01T11:19:22","date_gmt":"2017-12-01T11:19:22","guid":{"rendered":"http:\/\/ssmkrosno.pl\/?page_id=127"},"modified":"2018-09-03T19:05:01","modified_gmt":"2018-09-03T19:05:01","slug":"saksofonklarnet","status":"publish","type":"page","link":"http:\/\/ssmkrosno.pl\/?page_id=127","title":{"rendered":"Saksofon\/Klarnet"},"content":{"rendered":"<p>Jask\u00f3\u0142ka Bogus\u0142aw<\/p>\n<p>Rymarz Micha\u0142<\/p>\n","protected":false},"excerpt":{"rendered":"<p>Jask\u00f3\u0142ka Bogus\u0142aw Rymarz Micha\u0142<\/p>\n","protected":false},"author":2,"featured_media":0,"parent":0,"menu_order":0,"comment_status":"closed","ping_status":"closed","template":"","meta":{"footnotes":""},"class_list":["post-127","page","type-page","status-publish","hentry"],"_links":{"self":[{"href":"http:\/\/ssmkrosno.pl\/index.php?rest_route=\/wp\/v2\/pages\/127","targetHints":{"allow":["GET"]}}],"collection":[{"href":"http:\/\/ssmkrosno.pl\/index.php?rest_route=\/wp\/v2\/pages"}],"about":[{"href":"http:\/\/ssmkrosno.pl\/index.php?rest_route=\/wp\/v2\/types\/page"}],"author":[{"embeddable":true,"href":"http:\/\/ssmkrosno.pl\/index.php?rest_route=\/wp\/v2\/users\/2"}],"replies":[{"embeddable":true,"href":"http:\/\/ssmkrosno.pl\/index.php?rest_route=%2Fwp%2Fv2%2Fcomments&post=127"}],"version-history":[{"count":2,"href":"http:\/\/ssmkrosno.pl\/index.php?rest_route=\/wp\/v2\/pages\/127\/revisions"}],"predecessor-version":[{"id":205,"href":"http:\/\/ssmkrosno.pl\/index.php?rest_route=\/wp\/v2\/pages\/127\/revisions\/205"}],"wp:attachment":[{"href":"http:\/\/ssmkrosno.pl\/index.php?rest_route=%2Fwp%2Fv2%2Fmedia&parent=127"}],"curies":[{"name":"wp","href":"https:\/\/api.w.org\/{rel}","templated":true}]}}