{"id":36,"date":"2017-11-06T13:27:04","date_gmt":"2017-11-06T13:27:04","guid":{"rendered":"http:\/\/ssmkrosno.pl\/?page_id=36"},"modified":"2019-01-15T09:59:37","modified_gmt":"2019-01-15T09:59:37","slug":"kontakt","status":"publish","type":"page","link":"http:\/\/ssmkrosno.pl\/?page_id=36","title":{"rendered":"Kontakt"},"content":{"rendered":"<p style=\"text-align: center;\">Spo\u0142eczna Szko\u0142a Muzyczna I i II stopnia w Kro\u015bnie<br \/>\nul. I.J.Paderewskiego 7<br \/>\n38-400 Krosno<br \/>\ntel: 513 146 257<br \/>\ne-mail: szkola@ssmkrosno.pl<\/p>\n<p>&nbsp;<\/p>\n<p>Inspektor Ochrony Danych<br \/>\nKrzysztof W\u00f3jcikiewicz<br \/>\n<a>kontakt@pida.pl<\/a><\/p>\n","protected":false},"excerpt":{"rendered":"<p>Spo\u0142eczna Szko\u0142a Muzyczna I i II stopnia w Kro\u015bnie ul. I.J.Paderewskiego 7 38-400 Krosno tel: 513 146 257 e-mail: szkola@ssmkrosno.pl &nbsp; Inspektor Ochrony Danych Krzysztof W\u00f3jcikiewicz kontakt@pida.pl<\/p>\n","protected":false},"author":2,"featured_media":0,"parent":0,"menu_order":0,"comment_status":"closed","ping_status":"closed","template":"","meta":{"footnotes":""},"class_list":["post-36","page","type-page","status-publish","hentry"],"_links":{"self":[{"href":"http:\/\/ssmkrosno.pl\/index.php?rest_route=\/wp\/v2\/pages\/36","targetHints":{"allow":["GET"]}}],"collection":[{"href":"http:\/\/ssmkrosno.pl\/index.php?rest_route=\/wp\/v2\/pages"}],"about":[{"href":"http:\/\/ssmkrosno.pl\/index.php?rest_route=\/wp\/v2\/types\/page"}],"author":[{"embeddable":true,"href":"http:\/\/ssmkrosno.pl\/index.php?rest_route=\/wp\/v2\/users\/2"}],"replies":[{"embeddable":true,"href":"http:\/\/ssmkrosno.pl\/index.php?rest_route=%2Fwp%2Fv2%2Fcomments&post=36"}],"version-history":[{"count":9,"href":"http:\/\/ssmkrosno.pl\/index.php?rest_route=\/wp\/v2\/pages\/36\/revisions"}],"predecessor-version":[{"id":541,"href":"http:\/\/ssmkrosno.pl\/index.php?rest_route=\/wp\/v2\/pages\/36\/revisions\/541"}],"wp:attachment":[{"href":"http:\/\/ssmkrosno.pl\/index.php?rest_route=%2Fwp%2Fv2%2Fmedia&parent=36"}],"curies":[{"name":"wp","href":"https:\/\/api.w.org\/{rel}","templated":true}]}}