{"id":361,"date":"2018-03-04T13:20:41","date_gmt":"2018-03-04T13:20:41","guid":{"rendered":"http:\/\/ssmkrosno.pl\/?page_id=361"},"modified":"2018-09-03T19:04:46","modified_gmt":"2018-09-03T19:04:46","slug":"regulamin-rekrutacji","status":"publish","type":"page","link":"http:\/\/ssmkrosno.pl\/?page_id=361","title":{"rendered":"Regulamin rekrutacji"},"content":{"rendered":"<p style=\"text-align: center;\" align=\"CENTER\"><span style=\"font-size: large;\">Za\u0142\u0105cznik do Statutu nr 1<\/span><\/p>\n<p style=\"text-align: center;\" align=\"CENTER\"><span style=\"font-family: Arial, sans-serif;\"><span style=\"font-size: x-large;\"><b>Regulamin rekrutacji uczni\u00f3w <\/b><\/span><\/span><\/p>\n<p style=\"text-align: center;\" align=\"CENTER\"><span style=\"font-family: Arial, sans-serif;\"><span style=\"font-size: x-large;\"><b>do <\/b><\/span><\/span><\/p>\n<p style=\"text-align: center;\" align=\"CENTER\"><span style=\"font-family: Arial, sans-serif;\"><span style=\"font-size: x-large;\"><b>Spo\u0142ecznej Szko\u0142y Muzycznej II st. w Kro\u015bnie<\/b><\/span><\/span><\/p>\n<ol style=\"text-align: left;\">\n<li><span style=\"font-family: Arial, sans-serif;\"><span style=\"font-size: medium;\">W Spo\u0142ecznej Szkole Muzycznej II st. w Kro\u015bnie rekrutacja uczni\u00f3w odbywa si\u0119 na podstawie Rozporz\u0105dzenia Ministra Kultury i Dziedzictwa Narodowego z dnia 15 maja 2014 r. w sprawie warunk\u00f3w i trybu przyjmowania uczni\u00f3w do publicznych szk\u00f3\u0142 i publicznych plac\u00f3wek artystycznych oraz przechodzenia z jednych typ\u00f3w szk\u00f3\u0142 do innych (Dz. U. z 2014 r., poz. 686,na podstawie art. 20n ust. 10 ustawy z dnia 7 wrze\u015bnia 1991 r. o systemie o\u015bwiaty (Dz. U. z 2004 r. Nr 256,poz. 2572, z p\u00f3\u017an. zm.). <\/span><\/span><\/li>\n<\/ol>\n<ol style=\"text-align: left;\" start=\"2\">\n<li><span style=\"font-family: Arial, sans-serif;\"><span style=\"font-size: medium;\">O przyj\u0119cie do klasy pierwszej SSM II stopnia w Kro\u015bnie mo\u017ce ubiega\u0107 si\u0119 kandydat, kt\u00f3ry w danym roku kalendarzowym ko\u0144czy co najmniej 10 lat oraz nie wi\u0119cej ni\u017c 23 lata.<\/span><\/span><\/li>\n<\/ol>\n<ol style=\"text-align: left;\" start=\"3\">\n<li>\n<p align=\"JUSTIFY\"><span style=\"font-family: Arial, sans-serif;\"><span style=\"font-size: medium;\">Spo\u0142eczna Szko\u0142a Muzyczna II stopnia w Kro\u015bnie prowadzi poradnictwo dla kandydat\u00f3w obejmuj\u0105ce:<\/span><\/span><\/p>\n<\/li>\n<\/ol>\n<ol style=\"text-align: left;\">\n<li>\n<p align=\"JUSTIFY\"><span style=\"font-family: Arial, sans-serif;\"><span style=\"font-size: medium;\">informacj\u0119 o warunkach rekrutacji, programie kszta\u0142cenia, warunkach nauki w szkole i zasadach przyj\u0119\u0107,<\/span><\/span><\/p>\n<\/li>\n<li>\n<p align=\"JUSTIFY\"><span style=\"font-family: Arial, sans-serif;\"><span style=\"font-size: medium;\">dzia\u0142alno\u015b\u0107 konsultacyjn\u0105 w formie zaj\u0119\u0107 praktycznych,<\/span><\/span><\/p>\n<\/li>\n<li>\n<p align=\"JUSTIFY\"><span style=\"font-family: Arial, sans-serif;\"><span style=\"font-size: medium;\">wst\u0119pne badanie uzdolnie\u0144 i umiej\u0119tno\u015bci kandydata.<\/span><\/span><\/p>\n<\/li>\n<\/ol>\n<ol style=\"text-align: left;\" start=\"3\">\n<li><span style=\"font-family: Arial, sans-serif;\"><span style=\"font-size: medium;\">Kandydaci ubiegaj\u0105cy si\u0119 o przyj\u0119cie do SSM II stopnia w Kro\u015bnie sk\u0142adaj\u0105 podanie i kwestionariusz osobowy na druku przygotowanym przez szko\u0142\u0119 i ewentualnie informacj\u0119 o pobieraniu nauki muzyki, najp\u00f3\u017aniej na dzie\u0144 przed dat\u0105 badania przydatno\u015bci.<\/span><\/span><\/li>\n<\/ol>\n<ol style=\"text-align: left;\" start=\"3\">\n<li><span style=\"font-family: Arial, sans-serif;\"><span style=\"font-size: medium;\">Kwalifikacja kandydat\u00f3w do SSM II st. w Kro\u015bnie odbywa si\u0119 na podstawie egzaminu wst\u0119pnego. Dat\u0119 egzaminu ustala dyrektor szko\u0142y.<\/span><\/span><\/li>\n<\/ol>\n<ol style=\"text-align: left;\" start=\"3\">\n<li><span style=\"font-family: Arial, sans-serif;\"><span style=\"font-size: medium;\">W celu przeprowadzenia egzaminu dyrektor szko\u0142y powo\u0142uje komisj\u0119 rekrutacyjn\u0105 i wyznacza jej przewodnicz\u0105cego.<\/span><\/span><\/li>\n<\/ol>\n<ol style=\"text-align: left;\" start=\"3\">\n<li><span style=\"font-family: Arial, sans-serif;\"><span style=\"font-size: medium;\">W sk\u0142ad komisji rekrutacyjnej przeprowadzaj\u0105cej egzamin wst\u0119pny wchodz\u0105 nauczyciele SSM II st. w Kro\u015bnie.<\/span><\/span><\/li>\n<\/ol>\n<ol style=\"text-align: left;\" start=\"3\">\n<li><span style=\"font-family: Arial, sans-serif;\"><span style=\"font-size: medium;\">Do szczeg\u00f3\u0142owych zada\u0144 komisji rekrutacyjnej nale\u017cy:<\/span><\/span><\/li>\n<\/ol>\n<ol style=\"text-align: left;\">\n<li><span style=\"font-family: Arial, sans-serif;\"><span style=\"font-size: medium;\">podanie do publicznej wiadomo\u015bci informacji o warunkach rekrutacji;<\/span><\/span><\/li>\n<\/ol>\n<p style=\"text-align: left;\"><span style=\"font-family: Arial, sans-serif;\"><span style=\"font-size: medium;\">2) ustalenie zakresu i temat\u00f3w egzaminu wst\u0119pnego;<\/span><\/span><\/p>\n<ol style=\"text-align: left;\" start=\"2\">\n<li><span style=\"font-family: Arial, sans-serif;\"><span style=\"font-size: medium;\">podanie do publicznej wiadomo\u015bci listy kandydat\u00f3w zakwalifikowanych i niezakwalifikowanych do danej SSM II st. w Kro\u015bnie \u2013 w terminie 7 dni od dnia przeprowadzenia egzaminu wst\u0119pnego;<\/span><\/span><\/li>\n<\/ol>\n<ol style=\"text-align: left;\" start=\"3\">\n<li><span style=\"font-family: Arial, sans-serif;\"><span style=\"font-size: medium;\">podanie do publicznej wiadomo\u015bci listy kandydat\u00f3w przyj\u0119tych i nieprzyj\u0119tych do SSM II st. w Kro\u015bnie \u2013 w terminie do dnia 5 sierpnia roku szkolnego poprzedzaj\u0105cego rok szkolny, na kt\u00f3ry przeprowadzane jest post\u0119powanie rekrutacyjne;<\/span><\/span><\/li>\n<\/ol>\n<ol style=\"text-align: left;\" start=\"4\">\n<li><span style=\"font-family: Arial, sans-serif;\"><span style=\"font-size: medium;\">sporz\u0105dzenia protoko\u0142u egzaminu wst\u0119pnego.<\/span><\/span><\/li>\n<\/ol>\n<ol style=\"text-align: left;\" start=\"3\">\n<li><span style=\"font-family: Arial, sans-serif;\"><span style=\"font-size: medium;\">Do wniosku kandydaci albo rodzice niepe\u0142noletniego kandydata powinni do\u0142\u0105czy\u0107 w przypadku:<\/span><\/span><\/li>\n<\/ol>\n<ol style=\"text-align: left;\">\n<li><span style=\"font-family: Arial, sans-serif;\"><span style=\"font-size: medium;\">audiologii i foniatrii \u2013 w przypadku kszta\u0142cenia w SSM II stopnia w Kro\u015bnie w specjalno\u015bci wokalnej;<\/span><\/span><\/li>\n<\/ol>\n<ol style=\"text-align: left;\" start=\"2\">\n<li><span style=\"font-family: Arial, sans-serif;\"><span style=\"font-size: medium;\">pulmonologii \u2013 w przypadku kszta\u0142cenia w SSM II stopnia w Kro\u015bnie w specjalno\u015bci instrumentalnej w specjalizacjach instrument\u00f3w d\u0119tych;<\/span><\/span><\/li>\n<\/ol>\n<ol style=\"text-align: left;\" start=\"9\">\n<li>\n<p align=\"JUSTIFY\"><span style=\"font-family: Arial, sans-serif;\"><span style=\"font-size: medium;\">Zakres egzaminu wst\u0119pnego do OSM II st. znajduje si\u0119 w statucie SSM II stopnia w Kro\u015bnie.<\/span><\/span><\/p>\n<\/li>\n<\/ol>\n<ol style=\"text-align: left;\" start=\"9\">\n<li>\n<p align=\"JUSTIFY\"><span style=\"font-family: Arial, sans-serif;\"><span style=\"font-size: medium;\">Szko\u0142a mo\u017ce odm\u00f3wi\u0107 przyj\u0119cia kandydata na wydzia\u0142 wokalny lub zaproponowa\u0107 przyj\u0119cie w p\u00f3\u017aniejszym terminie, je\u017celi w trakcie post\u0119powania egzaminacyjnego zostan\u0105 stwierdzone przeciwwskazania \u2013 zwi\u0105zane, np. z bie\u017c\u0105cym etapem rozwoju fizycznego &#8211; do kszta\u0142cenia w tym kierunku. Powodem uniemo\u017cliwiaj\u0105cym przyj\u0119cie kandydata mog\u0105 by\u0107 tak\u017ce przeciwwskazania lekarskie oraz mierne walory g\u0142osowe. <\/span><\/span><\/p>\n<\/li>\n<\/ol>\n<ol style=\"text-align: left;\" start=\"9\">\n<li>\n<p align=\"JUSTIFY\"><span style=\"font-family: Arial, sans-serif;\"><span style=\"font-size: medium;\">W przypadku ubiegania si\u0119 przez kandydata o przyj\u0119cie do klasy wy\u017cszej ni\u017c pierwsza lub na semestr wy\u017cszy ni\u017c pierwszy, a tak\u017ce w przypadku przechodzenia ucznia z innej szko\u0142y artystycznej do SSM II st. w Kro\u015bnie, albo w przypadku z\u0142o\u017cenia przez kandydata wniosku o przyj\u0119cie do szko\u0142y w trakcie roku szkolnego, przeprowadza si\u0119 egzamin kwalifikacyjny.<\/span><\/span><\/p>\n<\/li>\n<\/ol>\n<ol style=\"text-align: left;\" start=\"9\">\n<li>\n<p align=\"JUSTIFY\"><span style=\"font-family: Arial, sans-serif;\"><span style=\"font-size: medium;\">Egzamin kwalifikacyjny ma na celu sprawdzenie, czy predyspozycje i poziom umiej\u0119tno\u015bci kandydata odpowiadaj\u0105 programowi klasy, semestru albo roku kszta\u0142cenia w SSM II st. w Kro\u015bnie.<\/span><\/span><\/p>\n<\/li>\n<\/ol>\n<ol style=\"text-align: left;\" start=\"9\">\n<li>\n<p align=\"JUSTIFY\"><span style=\"font-family: Arial, sans-serif;\"><span style=\"font-size: medium;\">Warunkiem przeprowadzenia egzaminu kwalifikacyjnego jest posiadanie przez SSM II st. w Kro\u015bnie mo\u017cliwo\u015bci przyj\u0119cia kandydata.<\/span><\/span><\/p>\n<\/li>\n<\/ol>\n<ol style=\"text-align: left;\" start=\"9\">\n<li>\n<p align=\"JUSTIFY\"><span style=\"font-family: Arial, sans-serif;\"><span style=\"font-size: medium;\">Dyrektor powo\u0142uje komisj\u0119 kwalifikacyjn\u0105 przeprowadzaj\u0105c\u0105 egzamin kwalifikacyjny, w sk\u0142ad kt\u00f3rej wchodz\u0105 nauczyciele SSM II st. w Kro\u015bnie.<\/span><\/span><\/p>\n<\/li>\n<\/ol>\n<ol style=\"text-align: left;\" start=\"9\">\n<li>\n<p align=\"JUSTIFY\"><span style=\"font-family: Arial, sans-serif;\"><span style=\"font-size: medium;\">Do szczeg\u00f3\u0142owych zada\u0144 komisji kwalifikacyjnej nale\u017cy:<\/span><\/span><\/p>\n<\/li>\n<\/ol>\n<ol style=\"text-align: left;\">\n<li><span style=\"font-family: Arial, sans-serif;\"><span style=\"font-size: medium;\">zawiadomienie kandydata o terminie egzaminu kwalifikacyjnego oraz poinformowanie go o warunkach przeprowadzenia oraz o tematycznym zakresie egzaminu kwalifikacyjnego;<\/span><\/span><\/li>\n<\/ol>\n<ol style=\"text-align: left;\" start=\"2\">\n<li><span style=\"font-family: Arial, sans-serif;\"><span style=\"font-size: medium;\">sporz\u0105dzenie protoko\u0142u przeprowadzonego egzaminu kwalifikacyjnego zawieraj\u0105cego w szczeg\u00f3lno\u015bci ocen\u0119 predyspozycji i poziomu umiej\u0119tno\u015bci kandydata;<\/span><\/span><\/li>\n<\/ol>\n<p style=\"text-align: left;\" align=\"JUSTIFY\"><span style=\"font-family: Arial, sans-serif;\"><span style=\"font-size: medium;\">3) przekazanie protoko\u0142u Dyrektorowi SSM II stopnia w Kro\u015bnie.<\/span><\/span><\/p>\n<ol start=\"16\">\n<li>\n<p style=\"text-align: left;\" align=\"JUSTIFY\"><span style=\"font-family: Arial, sans-serif;\"><span style=\"font-size: medium;\">Decyzj\u0119 o przyj\u0119ciu do szko\u0142y podejmuje Dyrektor na podstawie oceny predyspozycji i poziomu umiej\u0119tno\u015bci kandydata.<\/span><\/span><\/p>\n<\/li>\n<\/ol>\n","protected":false},"excerpt":{"rendered":"<p>Za\u0142\u0105cznik do Statutu nr 1 Regulamin rekrutacji uczni\u00f3w do Spo\u0142ecznej Szko\u0142y Muzycznej II st. w Kro\u015bnie W Spo\u0142ecznej Szkole Muzycznej II st. w Kro\u015bnie rekrutacja uczni\u00f3w odbywa si\u0119 na podstawie Rozporz\u0105dzenia Ministra Kultury i Dziedzictwa Narodowego z dnia 15 maja 2014 r. w sprawie warunk\u00f3w i trybu przyjmowania uczni\u00f3w do publicznych szk\u00f3\u0142 i publicznych plac\u00f3wek &hellip; <a href=\"http:\/\/ssmkrosno.pl\/?page_id=361\" class=\"more-link\">Czytaj dalej <span class=\"screen-reader-text\">Regulamin rekrutacji<\/span> <span class=\"meta-nav\">&rarr;<\/span><\/a><\/p>\n","protected":false},"author":2,"featured_media":0,"parent":354,"menu_order":0,"comment_status":"closed","ping_status":"closed","template":"","meta":{"footnotes":""},"class_list":["post-361","page","type-page","status-publish","hentry"],"_links":{"self":[{"href":"http:\/\/ssmkrosno.pl\/index.php?rest_route=\/wp\/v2\/pages\/361","targetHints":{"allow":["GET"]}}],"collection":[{"href":"http:\/\/ssmkrosno.pl\/index.php?rest_route=\/wp\/v2\/pages"}],"about":[{"href":"http:\/\/ssmkrosno.pl\/index.php?rest_route=\/wp\/v2\/types\/page"}],"author":[{"embeddable":true,"href":"http:\/\/ssmkrosno.pl\/index.php?rest_route=\/wp\/v2\/users\/2"}],"replies":[{"embeddable":true,"href":"http:\/\/ssmkrosno.pl\/index.php?rest_route=%2Fwp%2Fv2%2Fcomments&post=361"}],"version-history":[{"count":1,"href":"http:\/\/ssmkrosno.pl\/index.php?rest_route=\/wp\/v2\/pages\/361\/revisions"}],"predecessor-version":[{"id":362,"href":"http:\/\/ssmkrosno.pl\/index.php?rest_route=\/wp\/v2\/pages\/361\/revisions\/362"}],"up":[{"embeddable":true,"href":"http:\/\/ssmkrosno.pl\/index.php?rest_route=\/wp\/v2\/pages\/354"}],"wp:attachment":[{"href":"http:\/\/ssmkrosno.pl\/index.php?rest_route=%2Fwp%2Fv2%2Fmedia&parent=361"}],"curies":[{"name":"wp","href":"https:\/\/api.w.org\/{rel}","templated":true}]}}