{"id":419,"date":"2018-04-26T10:00:59","date_gmt":"2018-04-26T10:00:59","guid":{"rendered":"http:\/\/ssmkrosno.pl\/?page_id=419"},"modified":"2020-05-03T20:10:14","modified_gmt":"2020-05-03T20:10:14","slug":"podania","status":"publish","type":"page","link":"http:\/\/ssmkrosno.pl\/?page_id=419","title":{"rendered":"Podania"},"content":{"rendered":"<p style=\"text-align: center;\">Wype\u0142nione podanie nale\u017cy przes\u0142a\u0107 <strong>poczt\u0105 tradycyjn\u0105<\/strong> na adres: Spo\u0142eczna Szko\u0142a Muzyczna I i II st. w Kro\u015bnie, ul.I.J.Paderewskiego 7, 38-400 Krosno, lub <strong>skanem<\/strong> na adres: szkola@ssmkrosno.pl<\/p>\n<p>&nbsp;<\/p>\n<p><a href=\"http:\/\/ssmkrosno.pl\/?attachment_id=452\" rel=\"attachment wp-att-452\">PODANIE SSM I st<\/a><\/p>\n<p>&nbsp;<\/p>\n<p><a href=\"http:\/\/ssmkrosno.pl\/?attachment_id=453\" rel=\"attachment wp-att-453\">PODANIE SSM II st<\/a><\/p>\n","protected":false},"excerpt":{"rendered":"<p>Wype\u0142nione podanie nale\u017cy przes\u0142a\u0107 poczt\u0105 tradycyjn\u0105 na adres: Spo\u0142eczna Szko\u0142a Muzyczna I i II st. w Kro\u015bnie, ul.I.J.Paderewskiego 7, 38-400 Krosno, lub skanem na adres: szkola@ssmkrosno.pl &nbsp; PODANIE SSM I st &nbsp; PODANIE SSM II st<\/p>\n","protected":false},"author":2,"featured_media":0,"parent":310,"menu_order":0,"comment_status":"closed","ping_status":"closed","template":"","meta":{"footnotes":""},"class_list":["post-419","page","type-page","status-publish","hentry"],"_links":{"self":[{"href":"http:\/\/ssmkrosno.pl\/index.php?rest_route=\/wp\/v2\/pages\/419","targetHints":{"allow":["GET"]}}],"collection":[{"href":"http:\/\/ssmkrosno.pl\/index.php?rest_route=\/wp\/v2\/pages"}],"about":[{"href":"http:\/\/ssmkrosno.pl\/index.php?rest_route=\/wp\/v2\/types\/page"}],"author":[{"embeddable":true,"href":"http:\/\/ssmkrosno.pl\/index.php?rest_route=\/wp\/v2\/users\/2"}],"replies":[{"embeddable":true,"href":"http:\/\/ssmkrosno.pl\/index.php?rest_route=%2Fwp%2Fv2%2Fcomments&post=419"}],"version-history":[{"count":8,"href":"http:\/\/ssmkrosno.pl\/index.php?rest_route=\/wp\/v2\/pages\/419\/revisions"}],"predecessor-version":[{"id":664,"href":"http:\/\/ssmkrosno.pl\/index.php?rest_route=\/wp\/v2\/pages\/419\/revisions\/664"}],"up":[{"embeddable":true,"href":"http:\/\/ssmkrosno.pl\/index.php?rest_route=\/wp\/v2\/pages\/310"}],"wp:attachment":[{"href":"http:\/\/ssmkrosno.pl\/index.php?rest_route=%2Fwp%2Fv2%2Fmedia&parent=419"}],"curies":[{"name":"wp","href":"https:\/\/api.w.org\/{rel}","templated":true}]}}