{"id":51,"date":"2017-11-06T13:33:56","date_gmt":"2017-11-06T13:33:56","guid":{"rendered":"http:\/\/ssmkrosno.pl\/?page_id=51"},"modified":"2018-09-03T19:04:45","modified_gmt":"2018-09-03T19:04:45","slug":"aktualnosci","status":"publish","type":"page","link":"http:\/\/ssmkrosno.pl\/?page_id=51","title":{"rendered":"Aktualno\u015bci"},"content":{"rendered":"\n<!-- NOTE: If you need to make changes to this file, copy it to your current theme's main\n\tdirectory so your changes won't be overwritten when the plugin is upgraded. -->\n\n<!-- Post Wrap Start-->\n<div class=\"post hentry ivycat-post\">\n\n\t<!-- \tThis outputs the post TITLE -->\n\t<h2 class=\"entry-title\"><a href=\"http:\/\/ssmkrosno.pl\/?p=952\">Rozpocz\u0119cie roku szkolnego 2025\/2026<\/a><\/h2>\n\n\t<!-- \tThis outputs the post EXCERPT.  To display full content including images and html,\n\t\treplace the_excerpt(); with the_content();  below. -->\n\t<div class=\"entry-summary\">\n\t\t<p>Serdecznie zapraszamy na uroczyste rozpocz\u0119cie roku szkolnego, kt\u00f3re b\u0119dzie mia\u0142o miejsce dnia 1 wrze\u015bnia ( poniedzia\u0142ek) 2025 roku o godz. 18:00 w auli ZSM w Kro\u015bnie.<\/p>\n\t<\/div>\n\n\t<!--\tThis outputs the post META information -->\n\t<div class=\"entry-utility\">\n\t\t\t\t\t<span class=\"cat-links\">\n\t\t\t\t<span class=\"entry-utility-prep entry-utility-prep-cat-links\">Posted in<\/span> <a href=\"http:\/\/ssmkrosno.pl\/?cat=1\" rel=\"category\">Uncategorized<\/a>\t\t\t<\/span>\n\t\t\t<span class=\"meta-sep\">|<\/span>\n\t\t\t\t\t\t<span class=\"comments-link\">\n\t\t\t<span>Mo\u017cliwo\u015b\u0107 komentowania <span class=\"screen-reader-text\">Rozpocz\u0119cie roku szkolnego 2025\/2026<\/span> zosta\u0142a wy\u0142\u0105czona<\/span>\t\t<\/span>\n\t\t\t<\/div>\n<\/div>\n<!-- \/\/ Post Wrap End -->\n\n<!-- NOTE: If you need to make changes to this file, copy it to your current theme's main\n\tdirectory so your changes won't be overwritten when the plugin is upgraded. -->\n\n<!-- Post Wrap Start-->\n<div class=\"post hentry ivycat-post\">\n\n\t<!-- \tThis outputs the post TITLE -->\n\t<h2 class=\"entry-title\"><a href=\"http:\/\/ssmkrosno.pl\/?p=945\">Zapraszamy do naszej szko\u0142y!!!<\/a><\/h2>\n\n\t<!-- \tThis outputs the post EXCERPT.  To display full content including images and html,\n\t\treplace the_excerpt(); with the_content();  below. -->\n\t<div class=\"entry-summary\">\n\t\t<p>EGZAMINY WST\u0118PNE ODB\u0118D\u0104 SI\u0118 12 CZERWCA 2024r. W SIEDZIBIE SZKO\u0141Y. PODANIA DOST\u0118PNE W ZAK\u0141ADCE &#8222;REKRUTACJA&#8221; ZAPRASZAMY!!!<\/p>\n\t<\/div>\n\n\t<!--\tThis outputs the post META information -->\n\t<div class=\"entry-utility\">\n\t\t\t\t\t<span class=\"cat-links\">\n\t\t\t\t<span class=\"entry-utility-prep entry-utility-prep-cat-links\">Posted in<\/span> <a href=\"http:\/\/ssmkrosno.pl\/?cat=1\" rel=\"category\">Uncategorized<\/a>\t\t\t<\/span>\n\t\t\t<span class=\"meta-sep\">|<\/span>\n\t\t\t\t\t\t<span class=\"comments-link\">\n\t\t\t<span>Mo\u017cliwo\u015b\u0107 komentowania <span class=\"screen-reader-text\">Zapraszamy do naszej szko\u0142y!!!<\/span> zosta\u0142a wy\u0142\u0105czona<\/span>\t\t<\/span>\n\t\t\t<\/div>\n<\/div>\n<!-- \/\/ Post Wrap End -->\n\n<!-- NOTE: If you need to make changes to this file, copy it to your current theme's main\n\tdirectory so your changes won't be overwritten when the plugin is upgraded. -->\n\n<!-- Post Wrap Start-->\n<div class=\"post hentry ivycat-post\">\n\n\t<!-- \tThis outputs the post TITLE -->\n\t<h2 class=\"entry-title\"><a href=\"http:\/\/ssmkrosno.pl\/?p=930\">ROZPOCZ\u0118CIE ROKU SZKOLNEGO 2023\/2024<\/a><\/h2>\n\n\t<!-- \tThis outputs the post EXCERPT.  To display full content including images and html,\n\t\treplace the_excerpt(); with the_content();  below. -->\n\t<div class=\"entry-summary\">\n\t\t<p>Serdecznie zapraszamy na uroczyste rozpocz\u0119cie roku szkolnego, kt\u00f3re b\u0119dzie mia\u0142o miejsce dnia 4 wrze\u015bnia ( poniedzia\u0142ek) 2023 roku o godz. 18:00 w auli ZSM w Kro\u015bnie.<\/p>\n\t<\/div>\n\n\t<!--\tThis outputs the post META information -->\n\t<div class=\"entry-utility\">\n\t\t\t\t\t<span class=\"cat-links\">\n\t\t\t\t<span class=\"entry-utility-prep entry-utility-prep-cat-links\">Posted in<\/span> <a href=\"http:\/\/ssmkrosno.pl\/?cat=1\" rel=\"category\">Uncategorized<\/a>\t\t\t<\/span>\n\t\t\t<span class=\"meta-sep\">|<\/span>\n\t\t\t\t\t\t<span class=\"comments-link\">\n\t\t\t<span>Mo\u017cliwo\u015b\u0107 komentowania <span class=\"screen-reader-text\">ROZPOCZ\u0118CIE ROKU SZKOLNEGO 2023\/2024<\/span> zosta\u0142a wy\u0142\u0105czona<\/span>\t\t<\/span>\n\t\t\t<\/div>\n<\/div>\n<!-- \/\/ Post Wrap End -->\n\n<!-- NOTE: If you need to make changes to this file, copy it to your current theme's main\n\tdirectory so your changes won't be overwritten when the plugin is upgraded. -->\n\n<!-- Post Wrap Start-->\n<div class=\"post hentry ivycat-post\">\n\n\t<!-- \tThis outputs the post TITLE -->\n\t<h2 class=\"entry-title\"><a href=\"http:\/\/ssmkrosno.pl\/?p=925\">NAB\u00d3R UZUPE\u0141NIAJ\u0104CY<\/a><\/h2>\n\n\t<!-- \tThis outputs the post EXCERPT.  To display full content including images and html,\n\t\treplace the_excerpt(); with the_content();  below. -->\n\t<div class=\"entry-summary\">\n\t\t<p>Zapraszamy serdecznie tych, kt\u00f3rzy chcieliby wst\u0105pi\u0107 w nasze muzyczne szeregi!!! Egzamin b\u0119dzie mia\u0142 miejsce 29.08.2023r. o godz. 16:00 w siedzibie szko\u0142y !!!<\/p>\n\t<\/div>\n\n\t<!--\tThis outputs the post META information -->\n\t<div class=\"entry-utility\">\n\t\t\t\t\t<span class=\"cat-links\">\n\t\t\t\t<span class=\"entry-utility-prep entry-utility-prep-cat-links\">Posted in<\/span> <a href=\"http:\/\/ssmkrosno.pl\/?cat=1\" rel=\"category\">Uncategorized<\/a>\t\t\t<\/span>\n\t\t\t<span class=\"meta-sep\">|<\/span>\n\t\t\t\t\t\t<span class=\"comments-link\">\n\t\t\t<span>Mo\u017cliwo\u015b\u0107 komentowania <span class=\"screen-reader-text\">NAB\u00d3R UZUPE\u0141NIAJ\u0104CY<\/span> zosta\u0142a wy\u0142\u0105czona<\/span>\t\t<\/span>\n\t\t\t<\/div>\n<\/div>\n<!-- \/\/ Post Wrap End -->\n\n<!-- NOTE: If you need to make changes to this file, copy it to your current theme's main\n\tdirectory so your changes won't be overwritten when the plugin is upgraded. -->\n\n<!-- Post Wrap Start-->\n<div class=\"post hentry ivycat-post\">\n\n\t<!-- \tThis outputs the post TITLE -->\n\t<h2 class=\"entry-title\"><a href=\"http:\/\/ssmkrosno.pl\/?p=917\">Wspania\u0142y sukces Marysi Fabisz!!!<\/a><\/h2>\n\n\t<!-- \tThis outputs the post EXCERPT.  To display full content including images and html,\n\t\treplace the_excerpt(); with the_content();  below. -->\n\t<div class=\"entry-summary\">\n\t\t<p>Kolejny sukces naszej uczennicy! Marysia Fabisz uczennica I kl. SSM I st., kt\u00f3ra kszta\u0142ci umiej\u0119tno\u015bci gry na skrzypcach pod czujnym okiem p. Teresy Janas, zdoby\u0142a III miejsce w VII Regionalnym Konkursie &#8222;Weso\u0142e Smyczki&#8221; w G\u0142ogowie Ma\u0142opolskim, kt\u00f3ry odby\u0142 si\u0119 26 maja 2023. Serdecznie gratulujemy Marysi, pani Teresie Janas i panu Maciejowi Janasowi, kt\u00f3ry wspaniale akompaniowa\u0142 &hellip; <a href=\"http:\/\/ssmkrosno.pl\/?p=917\" class=\"more-link\">Czytaj dalej <span class=\"screen-reader-text\">Wspania\u0142y sukces Marysi Fabisz!!!<\/span> <span class=\"meta-nav\">&rarr;<\/span><\/a><\/p>\n\t<\/div>\n\n\t<!--\tThis outputs the post META information -->\n\t<div class=\"entry-utility\">\n\t\t\t\t\t<span class=\"cat-links\">\n\t\t\t\t<span class=\"entry-utility-prep entry-utility-prep-cat-links\">Posted in<\/span> <a href=\"http:\/\/ssmkrosno.pl\/?cat=1\" rel=\"category\">Uncategorized<\/a>\t\t\t<\/span>\n\t\t\t<span class=\"meta-sep\">|<\/span>\n\t\t\t\t\t\t<span class=\"comments-link\">\n\t\t\t<span>Mo\u017cliwo\u015b\u0107 komentowania <span class=\"screen-reader-text\">Wspania\u0142y sukces Marysi Fabisz!!!<\/span> zosta\u0142a wy\u0142\u0105czona<\/span>\t\t<\/span>\n\t\t\t<\/div>\n<\/div>\n<!-- \/\/ Post Wrap End -->\n\n<!-- NOTE: If you need to make changes to this file, copy it to your current theme's main\n\tdirectory so your changes won't be overwritten when the plugin is upgraded. -->\n\n<!-- Post Wrap Start-->\n<div class=\"post hentry ivycat-post\">\n\n\t<!-- \tThis outputs the post TITLE -->\n\t<h2 class=\"entry-title\"><a href=\"http:\/\/ssmkrosno.pl\/?p=912\">Sukcesy saksofonist\u00f3w!!!<\/a><\/h2>\n\n\t<!-- \tThis outputs the post EXCERPT.  To display full content including images and html,\n\t\treplace the_excerpt(); with the_content();  below. -->\n\t<div class=\"entry-summary\">\n\t\t<p>Mamy to!!! Z\u0142oty i Br\u0105zowy Laureat!!! Jakub B\u0119ben i Tymoteusz Basi\u0107-Socha &#8211; uczniowie klasy saksofonu p. Micha\u0142a Rymarza, przy akompaniamencie p. Anny Materniak &#8211; wywalczyli kolejno dyplom z\u0142otego i br\u0105zowego laureata, podczas sz\u00f3stej edycji Podkarpackiego Konkursu Instrument\u00f3w D\u0119tych Drewnianych w Kamieniu, kt\u00f3ry mia\u0142 miejsce 16-17 maja 2023 r. W konkursie wzi\u0119\u0142o udzia\u0142 100 m\u0142odych adept\u00f3w &hellip; <a href=\"http:\/\/ssmkrosno.pl\/?p=912\" class=\"more-link\">Czytaj dalej <span class=\"screen-reader-text\">Sukcesy saksofonist\u00f3w!!!<\/span> <span class=\"meta-nav\">&rarr;<\/span><\/a><\/p>\n\t<\/div>\n\n\t<!--\tThis outputs the post META information -->\n\t<div class=\"entry-utility\">\n\t\t\t\t\t<span class=\"cat-links\">\n\t\t\t\t<span class=\"entry-utility-prep entry-utility-prep-cat-links\">Posted in<\/span> <a href=\"http:\/\/ssmkrosno.pl\/?cat=1\" rel=\"category\">Uncategorized<\/a>\t\t\t<\/span>\n\t\t\t<span class=\"meta-sep\">|<\/span>\n\t\t\t\t\t\t<span class=\"comments-link\">\n\t\t\t<span>Mo\u017cliwo\u015b\u0107 komentowania <span class=\"screen-reader-text\">Sukcesy saksofonist\u00f3w!!!<\/span> zosta\u0142a wy\u0142\u0105czona<\/span>\t\t<\/span>\n\t\t\t<\/div>\n<\/div>\n<!-- \/\/ Post Wrap End -->\n\n<!-- NOTE: If you need to make changes to this file, copy it to your current theme's main\n\tdirectory so your changes won't be overwritten when the plugin is upgraded. -->\n\n<!-- Post Wrap Start-->\n<div class=\"post hentry ivycat-post\">\n\n\t<!-- \tThis outputs the post TITLE -->\n\t<h2 class=\"entry-title\"><a href=\"http:\/\/ssmkrosno.pl\/?p=906\">RUSZA REKRUTACJA!!! SERDECZNIE ZAPRASZAMY DO NASZEJ SZKO\u0141Y!!!<\/a><\/h2>\n\n\t<!-- \tThis outputs the post EXCERPT.  To display full content including images and html,\n\t\treplace the_excerpt(); with the_content();  below. -->\n\t<div class=\"entry-summary\">\n\t\t<p>Egzaminy wst\u0119pne do Spo\u0142ecznej Szko\u0142y Muzycznej I i II st. w Kro\u015bnie odb\u0119d\u0105 si\u0119 14 czerwca 2023r. o godzinie 16-stej w siedzibie szko\u0142y (ul. I.J.Paderewskiego 7). Zapraszamy wszystkich, kt\u00f3rzy swoj\u0105 pasj\u0119 do muzyki chc\u0105 rozwija\u0107 pod okiem wykwalifikowanej kadry ! &nbsp;<\/p>\n\t<\/div>\n\n\t<!--\tThis outputs the post META information -->\n\t<div class=\"entry-utility\">\n\t\t\t\t\t<span class=\"cat-links\">\n\t\t\t\t<span class=\"entry-utility-prep entry-utility-prep-cat-links\">Posted in<\/span> <a href=\"http:\/\/ssmkrosno.pl\/?cat=1\" rel=\"category\">Uncategorized<\/a>\t\t\t<\/span>\n\t\t\t<span class=\"meta-sep\">|<\/span>\n\t\t\t\t\t\t<span class=\"comments-link\">\n\t\t\t<span>Mo\u017cliwo\u015b\u0107 komentowania <span class=\"screen-reader-text\">RUSZA REKRUTACJA!!! SERDECZNIE ZAPRASZAMY DO NASZEJ SZKO\u0141Y!!!<\/span> zosta\u0142a wy\u0142\u0105czona<\/span>\t\t<\/span>\n\t\t\t<\/div>\n<\/div>\n<!-- \/\/ Post Wrap End -->\n\n<!-- NOTE: If you need to make changes to this file, copy it to your current theme's main\n\tdirectory so your changes won't be overwritten when the plugin is upgraded. -->\n\n<!-- Post Wrap Start-->\n<div class=\"post hentry ivycat-post\">\n\n\t<!-- \tThis outputs the post TITLE -->\n\t<h2 class=\"entry-title\"><a href=\"http:\/\/ssmkrosno.pl\/?p=902\">Zapraszamy do Przedszkola Muzycznego &#8211; ruszy\u0142y zapisy!!!!<\/a><\/h2>\n\n\t<!-- \tThis outputs the post EXCERPT.  To display full content including images and html,\n\t\treplace the_excerpt(); with the_content();  below. -->\n\t<div class=\"entry-summary\">\n\t\t\t<\/div>\n\n\t<!--\tThis outputs the post META information -->\n\t<div class=\"entry-utility\">\n\t\t\t\t\t<span class=\"cat-links\">\n\t\t\t\t<span class=\"entry-utility-prep entry-utility-prep-cat-links\">Posted in<\/span> <a href=\"http:\/\/ssmkrosno.pl\/?cat=1\" rel=\"category\">Uncategorized<\/a>\t\t\t<\/span>\n\t\t\t<span class=\"meta-sep\">|<\/span>\n\t\t\t\t\t\t<span class=\"comments-link\">\n\t\t\t<span>Mo\u017cliwo\u015b\u0107 komentowania <span class=\"screen-reader-text\">Zapraszamy do Przedszkola Muzycznego &#8211; ruszy\u0142y zapisy!!!!<\/span> zosta\u0142a wy\u0142\u0105czona<\/span>\t\t<\/span>\n\t\t\t<\/div>\n<\/div>\n<!-- \/\/ Post Wrap End -->\n\n<!-- NOTE: If you need to make changes to this file, copy it to your current theme's main\n\tdirectory so your changes won't be overwritten when the plugin is upgraded. -->\n\n<!-- Post Wrap Start-->\n<div class=\"post hentry ivycat-post\">\n\n\t<!-- \tThis outputs the post TITLE -->\n\t<h2 class=\"entry-title\"><a href=\"http:\/\/ssmkrosno.pl\/?p=897\">Inauguracja roku szkolnego 2022\/2023<\/a><\/h2>\n\n\t<!-- \tThis outputs the post EXCERPT.  To display full content including images and html,\n\t\treplace the_excerpt(); with the_content();  below. -->\n\t<div class=\"entry-summary\">\n\t\t<p>Uroczyste rozpocz\u0119cie Roku Szkolnego 2022\/2023 odb\u0119dzie si\u0119 2 wrze\u015bnia (pi\u0105tek) o godzinie 17.00 w Auli ZSM. Serdecznie zapraszamy uczni\u00f3w oraz rodzic\u00f3w.<\/p>\n\t<\/div>\n\n\t<!--\tThis outputs the post META information -->\n\t<div class=\"entry-utility\">\n\t\t\t\t\t<span class=\"cat-links\">\n\t\t\t\t<span class=\"entry-utility-prep entry-utility-prep-cat-links\">Posted in<\/span> <a href=\"http:\/\/ssmkrosno.pl\/?cat=1\" rel=\"category\">Uncategorized<\/a>\t\t\t<\/span>\n\t\t\t<span class=\"meta-sep\">|<\/span>\n\t\t\t\t\t\t<span class=\"comments-link\">\n\t\t\t<span>Mo\u017cliwo\u015b\u0107 komentowania <span class=\"screen-reader-text\">Inauguracja roku szkolnego 2022\/2023<\/span> zosta\u0142a wy\u0142\u0105czona<\/span>\t\t<\/span>\n\t\t\t<\/div>\n<\/div>\n<!-- \/\/ Post Wrap End -->\n\n<!-- NOTE: If you need to make changes to this file, copy it to your current theme's main\n\tdirectory so your changes won't be overwritten when the plugin is upgraded. -->\n\n<!-- Post Wrap Start-->\n<div class=\"post hentry ivycat-post\">\n\n\t<!-- \tThis outputs the post TITLE -->\n\t<h2 class=\"entry-title\"><a href=\"http:\/\/ssmkrosno.pl\/?p=886\">Tymoteusz Ivo Basic Socha zdobywc\u0105 dyplomu Br\u0105zowego Laureata !!!<\/a><\/h2>\n\n\t<!-- \tThis outputs the post EXCERPT.  To display full content including images and html,\n\t\treplace the_excerpt(); with the_content();  below. -->\n\t<div class=\"entry-summary\">\n\t\t<p>W dniu 16 maja 2022 odby\u0142a si\u0119 pi\u0105ta edycja Podkarpackiego Konkursu Instrument\u00f3w D\u0119tych Drewnianych. W konkursie wzi\u0119\u0142o udzia\u0142 60 uczestnik\u00f3w z podkarpackich szk\u00f3\u0142 muzycznych I stopnia. Na scenie Szko\u0142y Muzycznej I st. w Kamieniu zaprezentowa\u0142o si\u0119 wielu m\u0142odych i zdolnych adept\u00f3w fletu (17 os\u00f3b), klarnetu (10 os\u00f3b), oboju (4 osoby) i saksofonu (29 os\u00f3b). W &hellip; <a href=\"http:\/\/ssmkrosno.pl\/?p=886\" class=\"more-link\">Czytaj dalej <span class=\"screen-reader-text\">Tymoteusz Ivo Basic Socha zdobywc\u0105 dyplomu Br\u0105zowego Laureata !!!<\/span> <span class=\"meta-nav\">&rarr;<\/span><\/a><\/p>\n\t<\/div>\n\n\t<!--\tThis outputs the post META information -->\n\t<div class=\"entry-utility\">\n\t\t\t\t\t<span class=\"cat-links\">\n\t\t\t\t<span class=\"entry-utility-prep entry-utility-prep-cat-links\">Posted in<\/span> <a href=\"http:\/\/ssmkrosno.pl\/?cat=1\" rel=\"category\">Uncategorized<\/a>\t\t\t<\/span>\n\t\t\t<span class=\"meta-sep\">|<\/span>\n\t\t\t\t\t\t<span class=\"comments-link\">\n\t\t\t<span>Mo\u017cliwo\u015b\u0107 komentowania <span class=\"screen-reader-text\">Tymoteusz Ivo Basic Socha zdobywc\u0105 dyplomu Br\u0105zowego Laureata !!!<\/span> zosta\u0142a wy\u0142\u0105czona<\/span>\t\t<\/span>\n\t\t\t<\/div>\n<\/div>\n<!-- \/\/ Post Wrap End -->\n\n","protected":false},"excerpt":{"rendered":"","protected":false},"author":2,"featured_media":0,"parent":0,"menu_order":0,"comment_status":"closed","ping_status":"closed","template":"","meta":{"footnotes":""},"class_list":["post-51","page","type-page","status-publish","hentry"],"_links":{"self":[{"href":"http:\/\/ssmkrosno.pl\/index.php?rest_route=\/wp\/v2\/pages\/51","targetHints":{"allow":["GET"]}}],"collection":[{"href":"http:\/\/ssmkrosno.pl\/index.php?rest_route=\/wp\/v2\/pages"}],"about":[{"href":"http:\/\/ssmkrosno.pl\/index.php?rest_route=\/wp\/v2\/types\/page"}],"author":[{"embeddable":true,"href":"http:\/\/ssmkrosno.pl\/index.php?rest_route=\/wp\/v2\/users\/2"}],"replies":[{"embeddable":true,"href":"http:\/\/ssmkrosno.pl\/index.php?rest_route=%2Fwp%2Fv2%2Fcomments&post=51"}],"version-history":[{"count":8,"href":"http:\/\/ssmkrosno.pl\/index.php?rest_route=\/wp\/v2\/pages\/51\/revisions"}],"predecessor-version":[{"id":285,"href":"http:\/\/ssmkrosno.pl\/index.php?rest_route=\/wp\/v2\/pages\/51\/revisions\/285"}],"wp:attachment":[{"href":"http:\/\/ssmkrosno.pl\/index.php?rest_route=%2Fwp%2Fv2%2Fmedia&parent=51"}],"curies":[{"name":"wp","href":"https:\/\/api.w.org\/{rel}","templated":true}]}}