{"id":597,"date":"2020-03-23T20:25:37","date_gmt":"2020-03-23T20:25:37","guid":{"rendered":"http:\/\/ssmkrosno.pl\/?page_id=597"},"modified":"2020-03-25T21:01:45","modified_gmt":"2020-03-25T21:01:45","slug":"ii-stopien-t","status":"publish","type":"page","link":"http:\/\/ssmkrosno.pl\/?page_id=597","title":{"rendered":"II stopie\u0144 (t)"},"content":{"rendered":"<p><strong>Historia Muzyki<br \/>\n<\/strong><\/p>\n<p>III wokalna \/ V instrumentalna<\/p>\n<p><a href=\"http:\/\/ssmkrosno.pl\/wp-content\/uploads\/2020\/03\/poematy-symfoniczne-R.Straussa.docx\">poematy symfoniczne R.Straussa<\/a><\/p>\n<p>&nbsp;<\/p>\n<p><span id=\"cch_f24b17de216bb52\" class=\"_mh6 _wsc\"><span class=\"_3oh- _58nk\"><strong>Kszta\u0142cenie S\u0142uchu<\/strong> i <strong>Harmonia<\/strong> &#8211; kontakt z p. Aleksandr\u0105 Fio\u0142ek-Matuszewsk\u0105 w grupach utworzonych na messengerze.<\/span><\/span><\/p>\n<p><span id=\"cch_f24b17de216bb52\" class=\"_mh6 _wsc\"><span class=\"_3oh- _58nk\"><strong>Zasady muzyki<\/strong> &#8211; kontakt z p. Iwon\u0105 Tylk\u0105 w grupach utworzonych na messengerze.<\/span><\/span><\/p>\n<p><span id=\"cch_f24b17de216bb52\" class=\"_mh6 _wsc\"><span class=\"_3oh- _58nk\"><strong>Dykcja i recytacja<\/strong> &#8211; zaj\u0119cia z p. Monik\u0105 Fabisz prowadzone online wed\u0142ug dotychczasowego harmonogramu.<br \/>\n<\/span><\/span><\/p>\n<p><strong>Historia muzyki <\/strong><\/p>\n<p>I wokalna \/ III instrumentalna<br \/>\n&#8211; uzupe\u0142niacie i utrwalacie wiedz\u0119 z zakresu I cz\u0119\u015bci sprawdzianu z renesansu (poj\u0119cia, nazwiska oraz 12 pyta\u0144 z podr\u0119cznika: s. 123\/4,7; s. 124\/12,13; s. 133\/2,3; s. 134\/7,8; s. 141\/1,4; s. 146\/4,9);<br \/>\n&#8211; przyswajacie i utrwalacie wiadomo\u015bci z zakresu II cz\u0119\u015bci sprawdzianu z renesansu (poj\u0119cia, nazwiska oraz 12 pyta\u0144 z podr\u0119cznika: s. 154\/4,5; s. 162\/ 1,2; s. 163\/8; s. 167\/2; s. 170\/1,3; s. 176\/1,5,7,9);<br \/>\n&#8211; s\u0142uchacie utwor\u00f3w z renesansu i przygotowujecie si\u0119 do testu muzycznego.<\/p>\n<p>II wokalna\/IV instrumentalna<br \/>\n&#8211; przyswajacie i uzupe\u0142niacie wiedz\u0119 dotycz\u0105c\u0105 tw\u00f3rczo\u015bci instrumentalnej i wokalno-instrumentalnej klasyk\u00f3w wiede\u0144skich;<br \/>\n&#8211; s\u0142uchacie utwor\u00f3w z klasycyzmu i przygotowujecie si\u0119 do testu muzycznego.<\/p>\n<p>III wokalna\/V instrumentalna<br \/>\n&#8211; osoby, kt\u00f3re nie zaliczy\u0142y tych temat\u00f3w wcze\u015bniej uzupe\u0142niaj\u0105 wiedz\u0119 dotycz\u0105c\u0105 stylu brillante, liryki instrumentalnej XIX w. i koncertu instrumentalnego &#8211; \u017ar\u00f3d\u0142em skrypt;<br \/>\n&#8211; wszyscy przyswajaj\u0105 wiadomo\u015bci dotycz\u0105ce muzyki symfonicznej XIX w. (tw\u00f3rczo\u015b\u0107 symfoniczna Schuberta, Schumanna, Mendelssohna, Brahmsa, Berlioza, Liszta, Straussa, Czajkowskiego, Dvo\u0159aka, Brucknera, Mahlera i Kar\u0142owicza) \u2013 \u017ar\u00f3d\u0142em skrypt;<br \/>\n&#8211; przygotowujecie si\u0119 te\u017c do testu muzycznego z liryki fortepianowej XIX w.<\/p>\n","protected":false},"excerpt":{"rendered":"<p>Historia Muzyki III wokalna \/ V instrumentalna poematy symfoniczne R.Straussa &nbsp; Kszta\u0142cenie S\u0142uchu i Harmonia &#8211; kontakt z p. Aleksandr\u0105 Fio\u0142ek-Matuszewsk\u0105 w grupach utworzonych na messengerze. Zasady muzyki &#8211; kontakt z p. Iwon\u0105 Tylk\u0105 w grupach utworzonych na messengerze. Dykcja i recytacja &#8211; zaj\u0119cia z p. Monik\u0105 Fabisz prowadzone online wed\u0142ug dotychczasowego harmonogramu. Historia muzyki &hellip; <a href=\"http:\/\/ssmkrosno.pl\/?page_id=597\" class=\"more-link\">Czytaj dalej <span class=\"screen-reader-text\">II stopie\u0144 (t)<\/span> <span class=\"meta-nav\">&rarr;<\/span><\/a><\/p>\n","protected":false},"author":2,"featured_media":0,"parent":0,"menu_order":0,"comment_status":"closed","ping_status":"closed","template":"","meta":{"footnotes":""},"class_list":["post-597","page","type-page","status-publish","hentry"],"_links":{"self":[{"href":"http:\/\/ssmkrosno.pl\/index.php?rest_route=\/wp\/v2\/pages\/597","targetHints":{"allow":["GET"]}}],"collection":[{"href":"http:\/\/ssmkrosno.pl\/index.php?rest_route=\/wp\/v2\/pages"}],"about":[{"href":"http:\/\/ssmkrosno.pl\/index.php?rest_route=\/wp\/v2\/types\/page"}],"author":[{"embeddable":true,"href":"http:\/\/ssmkrosno.pl\/index.php?rest_route=\/wp\/v2\/users\/2"}],"replies":[{"embeddable":true,"href":"http:\/\/ssmkrosno.pl\/index.php?rest_route=%2Fwp%2Fv2%2Fcomments&post=597"}],"version-history":[{"count":8,"href":"http:\/\/ssmkrosno.pl\/index.php?rest_route=\/wp\/v2\/pages\/597\/revisions"}],"predecessor-version":[{"id":617,"href":"http:\/\/ssmkrosno.pl\/index.php?rest_route=\/wp\/v2\/pages\/597\/revisions\/617"}],"wp:attachment":[{"href":"http:\/\/ssmkrosno.pl\/index.php?rest_route=%2Fwp%2Fv2%2Fmedia&parent=597"}],"curies":[{"name":"wp","href":"https:\/\/api.w.org\/{rel}","templated":true}]}}