{"id":644,"date":"2020-05-03T15:48:48","date_gmt":"2020-05-03T15:48:48","guid":{"rendered":"http:\/\/ssmkrosno.pl\/?page_id=644"},"modified":"2024-05-07T11:54:08","modified_gmt":"2024-05-07T11:54:08","slug":"informacje-dla-kandydata-i-st","status":"publish","type":"page","link":"http:\/\/ssmkrosno.pl\/?page_id=644","title":{"rendered":"Informacje dla kandydata &#8211; I st."},"content":{"rendered":"<p><strong>Zakres egzaminu wst\u0119pnego do klasy I Spo\u0142ecznej Szko\u0142y Muzycznej w Kro\u015bnie:<br \/>\n<\/strong><\/p>\n<p>&#8211; za\u015bpiewanie piosenki,<br \/>\n&#8211; us\u0142yszenie wy\u017cszego d\u017awi\u0119ku spo\u015br\u00f3d zagranych na fortepianie,<br \/>\n&#8211; powt\u00f3rzenie g\u0142osem zagranych na fortepianie pojedynczych d\u017awi\u0119k\u00f3w,<br \/>\n&#8211; poczucie rytmu \u2013 powt\u00f3rzenie klaskaniem\u00a0 prostych rytm\u00f3w.<\/p>\n<p style=\"text-align: center;\">Zapraszamy do nauki gry na:<br \/>\nskrzypcach, alt\u00f3wce, wiolonczeli,\u00a0 gitarze, fortepianie,<br \/>\nakordeonie, flecie, klarnecie, saksofonie, tr\u0105bce, perkusji<\/p>\n<p>Przes\u0142uchania wst\u0119pne do Spo\u0142ecznej Szko\u0142y Muzycznej I stopnia w Kro\u015bnie s\u0105 przewidziane na dzie\u0144 <strong>12 czerwca<\/strong><b> 2024r. <\/b><b><br \/>\n<\/b><\/p>\n<p><strong>Szczeg\u00f3\u0142owe informacje dotycz\u0105ce rekrutacji <\/strong>mo\u017cna uzyska\u0107 pod nr tel.:<strong> 513 146 257 <\/strong>, lub droga elektroniczn\u0105 e-mail: <strong>szkola@ssmkrosno.pl<\/strong><\/p>\n","protected":false},"excerpt":{"rendered":"<p>Zakres egzaminu wst\u0119pnego do klasy I Spo\u0142ecznej Szko\u0142y Muzycznej w Kro\u015bnie: &#8211; za\u015bpiewanie piosenki, &#8211; us\u0142yszenie wy\u017cszego d\u017awi\u0119ku spo\u015br\u00f3d zagranych na fortepianie, &#8211; powt\u00f3rzenie g\u0142osem zagranych na fortepianie pojedynczych d\u017awi\u0119k\u00f3w, &#8211; poczucie rytmu \u2013 powt\u00f3rzenie klaskaniem\u00a0 prostych rytm\u00f3w. Zapraszamy do nauki gry na: skrzypcach, alt\u00f3wce, wiolonczeli,\u00a0 gitarze, fortepianie, akordeonie, flecie, klarnecie, saksofonie, tr\u0105bce, perkusji Przes\u0142uchania &hellip; <a href=\"http:\/\/ssmkrosno.pl\/?page_id=644\" class=\"more-link\">Czytaj dalej <span class=\"screen-reader-text\">Informacje dla kandydata &#8211; I st.<\/span> <span class=\"meta-nav\">&rarr;<\/span><\/a><\/p>\n","protected":false},"author":3,"featured_media":0,"parent":0,"menu_order":0,"comment_status":"closed","ping_status":"closed","template":"","meta":{"footnotes":""},"class_list":["post-644","page","type-page","status-publish","hentry"],"_links":{"self":[{"href":"http:\/\/ssmkrosno.pl\/index.php?rest_route=\/wp\/v2\/pages\/644","targetHints":{"allow":["GET"]}}],"collection":[{"href":"http:\/\/ssmkrosno.pl\/index.php?rest_route=\/wp\/v2\/pages"}],"about":[{"href":"http:\/\/ssmkrosno.pl\/index.php?rest_route=\/wp\/v2\/types\/page"}],"author":[{"embeddable":true,"href":"http:\/\/ssmkrosno.pl\/index.php?rest_route=\/wp\/v2\/users\/3"}],"replies":[{"embeddable":true,"href":"http:\/\/ssmkrosno.pl\/index.php?rest_route=%2Fwp%2Fv2%2Fcomments&post=644"}],"version-history":[{"count":8,"href":"http:\/\/ssmkrosno.pl\/index.php?rest_route=\/wp\/v2\/pages\/644\/revisions"}],"predecessor-version":[{"id":943,"href":"http:\/\/ssmkrosno.pl\/index.php?rest_route=\/wp\/v2\/pages\/644\/revisions\/943"}],"wp:attachment":[{"href":"http:\/\/ssmkrosno.pl\/index.php?rest_route=%2Fwp%2Fv2%2Fmedia&parent=644"}],"curies":[{"name":"wp","href":"https:\/\/api.w.org\/{rel}","templated":true}]}}