{"id":646,"date":"2020-05-03T15:49:28","date_gmt":"2020-05-03T15:49:28","guid":{"rendered":"http:\/\/ssmkrosno.pl\/?page_id=646"},"modified":"2024-05-07T11:54:48","modified_gmt":"2024-05-07T11:54:48","slug":"informacje-dla-kandydata-ii-st","status":"publish","type":"page","link":"http:\/\/ssmkrosno.pl\/?page_id=646","title":{"rendered":"Informacje dla kandydata &#8211; II st."},"content":{"rendered":"<p><strong>Zakres egzaminu wst\u0119pnego do klasy I Spo\u0142ecznej Szko\u0142y Muzycznej II stopnia w Kro\u015bnie:<\/strong><\/p>\n<h2><strong>WYDZIA\u0141 INSTRUMENTALNY<\/strong><\/h2>\n<p><strong>Cz\u0119\u015b\u0107 praktyczna:<\/strong><\/p>\n<p><em>Prezentacja programu z instrumentu g\u0142\u00f3wnego.<\/em><\/p>\n<p><strong>Cz\u0119\u015b\u0107 teoretyczna:<\/strong><\/p>\n<p>KSZTA\u0141CENIE S\u0141UCHU<\/p>\n<p>Rozpoznawanie interwa\u0142\u00f3w, intonowanie g\u0142osem,<\/p>\n<p>Gamy durowe i mollowe do 2 znak\u00f3w \u2013 rozpoznawanie,<\/p>\n<p>Tr\u00f3jd\u017awi\u0119ki we wszystkich postaciach \u2013 rozpoznawanie, intonowanie.<\/p>\n<p>Powtarzanie kr\u00f3tkich przebieg\u00f3w rytmicznych.<\/p>\n<p>Powtarzanie g\u0142osem kr\u00f3tkich zwrot\u00f3w melodycznych.<\/p>\n<p>Czytanie nut g\u0142osem.<\/p>\n<p>Wykonywanie r\u00f3\u017cnych odmian gam g\u0142osem.<\/p>\n<p>ZASADY MUZYKI<\/p>\n<p>Interwa\u0142y, budowa tr\u00f3jd\u017awi\u0119k\u00f3w, kadencja doskona\u0142a, triada harmoniczna, ko\u0142o kwintowe, enharmonia, klucze muzyczne, gamy i ich odmiany, metrum, triola, kwintola, synkopa, diatonika, chromatyka, skale muzyczne, dysonans, konsonans.<\/p>\n<p>AUDYCJE MUZYCZNE, WIADOMO\u015aCI O MUZYCE<\/p>\n<p>Elementy dzie\u0142a muzycznego (rytmika, melodyka, harmonika, dynamika, kolorystyka, artykulacja, agogika).<\/p>\n<p>Faktura i jej rozpoznawanie (homofonia, polifonia).<\/p>\n<p>Instrumenty muzyczne \u2013 og\u00f3lne wiadomo\u015bci, rozpoznawanie brzmienia, klasyfikacja.<\/p>\n<p>Polskie ta\u0144ce narodowe.<\/p>\n<p>Podstawowe wiadomo\u015bci na temat g\u0142\u00f3wnych form i gatunk\u00f3w muzycznych (sonata, forma sonatowa(allegro sonatowe), suita, symfonia, wariacje, rondo, opera, oratorium, pasja, msza)<\/p>\n<p style=\"text-align: center;\"><strong>Zapraszamy do nauki gry na:<\/strong><br \/>\n<strong>skrzypcach, alt\u00f3wce, wiolonczeli,\u00a0 gitarze, fortepianie,<\/strong><br \/>\n<strong>akordeonie, flecie, klarnecie, saksofonie, tr\u0105bce<br \/>\n<\/strong><\/p>\n<p>&nbsp;<\/p>\n<h2>WYDZIA\u0141 WOKALNY<\/h2>\n<p>Kandydaci s\u0105 zobowi\u0105zani dor\u0119czy\u0107 podczas egzamin\u00f3w wst\u0119pnych za\u015bwiadczenie lekarskie od<strong> lekarza laryngologa<\/strong> o braku przeciwwskaza\u0144 zdrowotnych do podj\u0119cia kszta\u0142cenia na wydziale wokalnym w SSM II st.<\/p>\n<p><strong>Cz\u0119\u015b\u0107 praktyczna:<\/strong><\/p>\n<p>Wykonanie przygotowanego utworu a cappella (preferowany utw\u00f3r w j\u0119zyku polskim)<\/p>\n<p>Sprawdzenie predyspozycji g\u0142osowych.<\/p>\n<p><strong>Cz\u0119\u015b\u0107 teoretyczna:<\/strong><\/p>\n<p>Prezentacja w formie ustnej z kszta\u0142cenia s\u0142uchu i audycji muzycznych z zakresu szko\u0142y muzycznej I stopnia.<\/p>\n<p>Sprawdzenie uzdolnie\u0144 muzycznych dla kandydat\u00f3w<strong> bez przygotowania muzycznego<\/strong>.<\/p>\n<p>Przes\u0142uchania wst\u0119pne do Spo\u0142ecznej Szko\u0142y Muzycznej II stopnia w Kro\u015bnie s\u0105 przewidziane na dzie\u0144 <strong>12 czerwca<\/strong><b> 2024r. <\/b><b><br \/>\n<\/b><\/p>\n<p><strong>Szczeg\u00f3\u0142owe informacje dotycz\u0105ce rekrutacji <\/strong>mo\u017cna uzyska\u0107 pod nr tel.:<strong> 513 146 257 <\/strong>, lub droga elektroniczn\u0105 e-mail: <strong>szkola@ssmkrosno.pl<\/strong><\/p>\n<p>&nbsp;<\/p>\n<p>&nbsp;<\/p>\n","protected":false},"excerpt":{"rendered":"<p>Zakres egzaminu wst\u0119pnego do klasy I Spo\u0142ecznej Szko\u0142y Muzycznej II stopnia w Kro\u015bnie: WYDZIA\u0141 INSTRUMENTALNY Cz\u0119\u015b\u0107 praktyczna: Prezentacja programu z instrumentu g\u0142\u00f3wnego. Cz\u0119\u015b\u0107 teoretyczna: KSZTA\u0141CENIE S\u0141UCHU Rozpoznawanie interwa\u0142\u00f3w, intonowanie g\u0142osem, Gamy durowe i mollowe do 2 znak\u00f3w \u2013 rozpoznawanie, Tr\u00f3jd\u017awi\u0119ki we wszystkich postaciach \u2013 rozpoznawanie, intonowanie. Powtarzanie kr\u00f3tkich przebieg\u00f3w rytmicznych. Powtarzanie g\u0142osem kr\u00f3tkich zwrot\u00f3w melodycznych. &hellip; <a href=\"http:\/\/ssmkrosno.pl\/?page_id=646\" class=\"more-link\">Czytaj dalej <span class=\"screen-reader-text\">Informacje dla kandydata &#8211; II st.<\/span> <span class=\"meta-nav\">&rarr;<\/span><\/a><\/p>\n","protected":false},"author":3,"featured_media":0,"parent":0,"menu_order":0,"comment_status":"closed","ping_status":"closed","template":"","meta":{"footnotes":""},"class_list":["post-646","page","type-page","status-publish","hentry"],"_links":{"self":[{"href":"http:\/\/ssmkrosno.pl\/index.php?rest_route=\/wp\/v2\/pages\/646","targetHints":{"allow":["GET"]}}],"collection":[{"href":"http:\/\/ssmkrosno.pl\/index.php?rest_route=\/wp\/v2\/pages"}],"about":[{"href":"http:\/\/ssmkrosno.pl\/index.php?rest_route=\/wp\/v2\/types\/page"}],"author":[{"embeddable":true,"href":"http:\/\/ssmkrosno.pl\/index.php?rest_route=\/wp\/v2\/users\/3"}],"replies":[{"embeddable":true,"href":"http:\/\/ssmkrosno.pl\/index.php?rest_route=%2Fwp%2Fv2%2Fcomments&post=646"}],"version-history":[{"count":10,"href":"http:\/\/ssmkrosno.pl\/index.php?rest_route=\/wp\/v2\/pages\/646\/revisions"}],"predecessor-version":[{"id":944,"href":"http:\/\/ssmkrosno.pl\/index.php?rest_route=\/wp\/v2\/pages\/646\/revisions\/944"}],"wp:attachment":[{"href":"http:\/\/ssmkrosno.pl\/index.php?rest_route=%2Fwp%2Fv2%2Fmedia&parent=646"}],"curies":[{"name":"wp","href":"https:\/\/api.w.org\/{rel}","templated":true}]}}