{"id":78,"date":"2017-11-07T11:55:38","date_gmt":"2017-11-07T11:55:38","guid":{"rendered":"http:\/\/ssmkrosno.pl\/?page_id=78"},"modified":"2018-09-03T19:04:26","modified_gmt":"2018-09-03T19:04:26","slug":"o-szkole","status":"publish","type":"page","link":"http:\/\/ssmkrosno.pl\/?page_id=78","title":{"rendered":"O Szkole"},"content":{"rendered":"<p style=\"text-indent: 2cm; text-align: justify;\">Spo\u0142eczna Szko\u0142a Muzyczna powsta\u0142a w 2003 roku. Kadra pedagogiczna to znakomicie wykszta\u0142ceni nauczyciele. Nauka gry na instrumencie przeprowadzana jest w oparciu o program dopasowany do predyspozycji i zdolno\u015bci ucznia. Umo\u017cliwia to dziecku rozwijanie wra\u017cliwo\u015bci i kreatywno\u015bci nie nara\u017caj\u0105c go na niepotrzebny stres. Szko\u0142a ma kontakt z wybitnymi, polskimi pedagogami i artystami. Organizujemy wiele koncert\u00f3w, przede wszystkim z udzia\u0142em naszych uczni\u00f3w. Wychodzimy z za\u0142o\u017cenia, \u017ce ka\u017cdy mo\u017ce dobrze czu\u0107 si\u0119 na estradzie.Spo\u0142eczna Szko\u0142a Muzyczna powsta\u0142a w 2003 roku. Kadra pedagogiczna to znakomicie wykszta\u0142ceni nauczyciele. Nauka gry na instrumencie przeprowadzana jest w oparciu o program dopasowany do predyspozycji i zdolno\u015bci ucznia. Umo\u017cliwia to dziecku rozwijanie wra\u017cliwo\u015bci i kreatywno\u015bci nie nara\u017caj\u0105c go na niepotrzebny stres. Szko\u0142a ma kontakt z wybitnymi, polskimi pedagogami i artystami. Organizujemy wiele koncert\u00f3w, przede wszystkim z udzia\u0142em naszych uczni\u00f3w. Wychodzimy z za\u0142o\u017cenia, \u017ce ka\u017cdy mo\u017ce dobrze czu\u0107 si\u0119 na estradzie.<\/p>\n<p style=\"text-indent: 2cm; text-align: justify;\">Szko\u0142\u0119 prowadzi Towarzystwo Edukacji Artystycznej w Kro\u015bnie.Spo\u0142eczna Szko\u0142a Muzyczna posiada uprawnienia szko\u0142y publicznej nadane przez Ministra Kultury i Dziedzictwa Narodowego. Nadz\u00f3r merytoryczny sprawuje Centrum Edukacji Artystycznej.<\/p>\n<p style=\"text-align: justify;\">I STOPIE\u0143 Spo\u0142eczna Szko\u0142a Muzyczna I st. w Kro\u015bnie oferuj\u0119 nauk\u0119 gry na instrumentach w cyklu 4 \u2013letnim (kandydaci w wieku od 8 do 16 lat) oraz 6 \u2013 letnim (kandydaci od 7 do 10 lat).<\/p>\n<p style=\"text-align: justify;\">II STOPIE\u0143 Spo\u0142eczna Szko\u0142a Muzyczna II st. oferuj\u0119 nauk\u0119 gry na instrumentach w cyklu 6 \u2013 letnim (kandydaci w wieku od 10 do 23 lat) oraz nauk\u0119 \u015bpiewu klasycznego (kandydaci w wieku od 13 do 23 lat).<\/p>\n<p style=\"text-indent: 2cm; text-align: justify;\">W zakresie I i II st. prowadzimy nauk\u0119 gry na instrumentach klasycznych takich jak: Fortepian Skrzypce Wiolonczela Tr\u0105bka Gitara Akordeon Flet Saksofon Tuba Puzon, Perkusja.Zar\u00f3wno w I jak i w II st. prowadzone s\u0105 zaj\u0119cia teoretyczne:I stopie\u0144: Kszta\u0142cenie s\u0142uchu, audycje muzyczne, ch\u00f3rII stopie\u0144: kszta\u0142cenie s\u0142uchu, zasady muzyki, historia muzyki, harmonia, literatura muzyczna, formy muzyczne, dykcja i recytacja oraz zesp\u00f3\u0142 wokalny (wydzia\u0142 wokalny).<\/p>\n<p style=\"text-indent: 2cm; text-align: justify;\"><strong>\u00a0 \u00a0 Nauka w szkole muzycznej II st. zako\u0144czona jest dyplomem, kt\u00f3ry uprawnia do zdawania na Muzyczne uczelnie wy\u017csze, ponadto uprawnia do nauczania w ognisku muzycznym oraz studium muzycznym.\u00a0Zaj\u0119cia prowadzone s\u0105 w godzinach popo\u0142udniowych.<\/strong><\/p>\n<p style=\"text-align: justify;\">PRZEDSZKOLE MUZYCZNE Przy szkole dzia\u0142a r\u00f3wnie\u017c przedszkole muzyczne (wiek 3-6 lat)<\/p>\n<p style=\"text-align: justify;\">STUDIUM MUZYKI WOKALNO-INSTRUMENTALNEJ Zapewnia nauk\u0119 \u015bpiewu (ju\u017c od 7 roku \u017cycia!) oraz nauk\u0119 gry na wybranym instrumencie.<\/p>\n","protected":false},"excerpt":{"rendered":"<p>Spo\u0142eczna Szko\u0142a Muzyczna powsta\u0142a w 2003 roku. Kadra pedagogiczna to znakomicie wykszta\u0142ceni nauczyciele. Nauka gry na instrumencie przeprowadzana jest w oparciu o program dopasowany do predyspozycji i zdolno\u015bci ucznia. Umo\u017cliwia to dziecku rozwijanie wra\u017cliwo\u015bci i kreatywno\u015bci nie nara\u017caj\u0105c go na niepotrzebny stres. Szko\u0142a ma kontakt z wybitnymi, polskimi pedagogami i artystami. Organizujemy wiele koncert\u00f3w, przede &hellip; <a href=\"http:\/\/ssmkrosno.pl\/?page_id=78\" class=\"more-link\">Czytaj dalej <span class=\"screen-reader-text\">O Szkole<\/span> <span class=\"meta-nav\">&rarr;<\/span><\/a><\/p>\n","protected":false},"author":2,"featured_media":0,"parent":0,"menu_order":0,"comment_status":"closed","ping_status":"closed","template":"","meta":{"footnotes":""},"class_list":["post-78","page","type-page","status-publish","hentry"],"_links":{"self":[{"href":"http:\/\/ssmkrosno.pl\/index.php?rest_route=\/wp\/v2\/pages\/78","targetHints":{"allow":["GET"]}}],"collection":[{"href":"http:\/\/ssmkrosno.pl\/index.php?rest_route=\/wp\/v2\/pages"}],"about":[{"href":"http:\/\/ssmkrosno.pl\/index.php?rest_route=\/wp\/v2\/types\/page"}],"author":[{"embeddable":true,"href":"http:\/\/ssmkrosno.pl\/index.php?rest_route=\/wp\/v2\/users\/2"}],"replies":[{"embeddable":true,"href":"http:\/\/ssmkrosno.pl\/index.php?rest_route=%2Fwp%2Fv2%2Fcomments&post=78"}],"version-history":[{"count":22,"href":"http:\/\/ssmkrosno.pl\/index.php?rest_route=\/wp\/v2\/pages\/78\/revisions"}],"predecessor-version":[{"id":166,"href":"http:\/\/ssmkrosno.pl\/index.php?rest_route=\/wp\/v2\/pages\/78\/revisions\/166"}],"wp:attachment":[{"href":"http:\/\/ssmkrosno.pl\/index.php?rest_route=%2Fwp%2Fv2%2Fmedia&parent=78"}],"curies":[{"name":"wp","href":"https:\/\/api.w.org\/{rel}","templated":true}]}}